{"id":6,"date":"2016-09-17T19:19:07","date_gmt":"2016-09-17T17:19:07","guid":{"rendered":"http:\/\/www.alpa-ass.org\/?page_id=6"},"modified":"2017-10-23T12:35:43","modified_gmt":"2017-10-23T10:35:43","slug":"alpa-ass-demenageur-demenagement-visa-chine-visa-inde-visa-vietnam-visa-russie-croisiere-safari-afrique-garde-meubles","status":"publish","type":"page","link":"https:\/\/www.alpa-ass.org\/","title":{"rendered":"Alpa ASS"},"content":{"rendered":"<h2>Pr\u00e9sentation de l&rsquo;association au logement du Pays d&rsquo;Aix<\/h2>\n<p><img loading=\"lazy\" class=\"alignright size-medium wp-image-16\" src=\"https:\/\/www.alpa-ass.org\/wp-content\/uploads\/2016\/09\/2-1.jpeg-300x162.jpg\" alt=\"2-1.jpeg\" width=\"300\" height=\"162\" srcset=\"https:\/\/www.alpa-ass.org\/wp-content\/uploads\/2016\/09\/2-1.jpeg-300x162.jpg 300w, https:\/\/www.alpa-ass.org\/wp-content\/uploads\/2016\/09\/2-1.jpeg.jpg 305w\" sizes=\"(max-width: 300px) 100vw, 300px\" \/><\/p>\n<p>&nbsp;<\/p>\n<p>&nbsp;<\/p>\n<p>Cr\u00e9\u00e9e en 1989, l&rsquo;association au logement du Pays d&rsquo;Aix est une association sociale qui \u0153uvre pour le Droit au Logement. Elle conseille et suit toute personne en situation de difficult\u00e9 relative \u00e0 son habitat, tout au long du processus de recherche et de relogement. Cette aide couvre une assistance au niveau administratif, social et juridique, les informations sur les droits et les devoirs, et l&rsquo;accompagnement avant, pendant et apr\u00e8s le d\u00e9m\u00e9nagement. Compos\u00e9e de professionnels sp\u00e9cialis\u00e9s et de b\u00e9n\u00e9voles engag\u00e9s, l&rsquo;\u00e9quipe r\u00e9soudra chaque situation unique selon les n\u00e9cessit\u00e9s sp\u00e9cifiques de chaque individu.<\/p>\n<p>&nbsp;<\/p>\n<p>&nbsp;<\/p>\n<h2>Informations g\u00e9n\u00e9rales sur le d\u00e9m\u00e9nagement<\/h2>\n<p>&nbsp;<\/p>\n<p>&nbsp;<\/p>\n<p>L&rsquo;association accompagne aussi les adh\u00e9rents lors de leur relogement. En ce cas, le recours au service de <strong>demenageur<\/strong>\u00a0<a href=\"http:\/\/demenageur.com\">demenageur.com<\/a> est possible. Pour un <strong>demenagement <a href=\"http:\/\/demenageur.com\/demenagement\/\">demenageur.com\/demenagement\/<\/a>\u00a0<\/strong>fiable, il est aussi conseill\u00e9 de faire appel.\u00a0Ce dernier est une entreprise sp\u00e9cialis\u00e9e dans ce domaine tant pour les particuliers que pour les entreprises, depuis l&#8217;emballage jusqu&rsquo;au transport des biens \u00e0 sa nouvelle destination. Ses t\u00e2ches concernent non seulement l&rsquo;assistance et le conseil \u00e0 ses clients, mais aussi \u00e0 l&rsquo;\u00e9laboration d&rsquo;un <strong>devis demenagement\u00a0<a href=\"http:\/\/demenageur.com\/devis-demenagement\/\">demenageur.com\/devis-demenagement\/<\/a><\/strong>\u00a0adapt\u00e9 \u00e0 chaque budget. La soci\u00e9t\u00e9 peut aussi proposer \u00e0 ses clients, la location de <strong>garde meubles <\/strong>entrep\u00f4t s\u00e9curis\u00e9 de meubles, si des al\u00e9as des p\u00e9riodes transitoires se pr\u00e9sentent avant la p\u00e9riode de logement d&rsquo;arriv\u00e9e.<\/p>\n<p>&nbsp;<\/p>\n<p>&nbsp;<\/p>\n<h2>Informations sur l&rsquo;assurance vie<\/h2>\n<p>&nbsp;<\/p>\n<p>&nbsp;<\/p>\n<p>Le relogement est un moment important, car il permet le transfert des biens de l&rsquo;ancienne habitation vers la nouvelle. Aussi, lors du d\u00e9m\u00e9nagement, il est important d&rsquo;\u00eatre assur\u00e9, avant, pendant et apr\u00e8s le relogement. En effet, l&rsquo;assurance repr\u00e9sente la garantie pour la valeur des biens et le remboursement en cas de probl\u00e8me. Il est donc recommand\u00e9 de signaler d&rsquo;avance \u00e0 son assureur la date de d\u00e9m\u00e9nagement, la nouvelle adresse, tout changement pouvant influencer la prime assurance vie <a href=\"http:\/\/lassurancevie.fr\">lassurancevie.fr<\/a>\u00a0(nombre de pi\u00e8ces, valeur des biens, pr\u00e9sence de cave, de v\u00e9randa, de garage, etc.). Si un d\u00e9m\u00e9nageur est appel\u00e9 \u00e0 effectuer la t\u00e2che, son assurance couvrira les biens, sauf en cas de forces majeures ou ind\u00e9pendantes de la soci\u00e9t\u00e9 (\u00e9tat d\u00e9fectueux de l&rsquo;objet et\/ou de son emballage, vol ou accident du camion d\u00e9m\u00e9nageur).<\/p>\n<p>&nbsp;<\/p>\n<p>&nbsp;<\/p>\n<h2>Informations sur les visas pour l&rsquo;\u00e9tranger<\/h2>\n<p>&nbsp;<\/p>\n<p>&nbsp;<\/p>\n<p>Au cas de d\u00e9m\u00e9nagement \u00e0 l&rsquo;\u00e9tranger, l&rsquo;obtention d&rsquo;un visa est n\u00e9cessaire pour chaque individu. Plus particuli\u00e8rement, le <strong>visa Chine<\/strong>\u00a0<a href=\"http:\/\/visachine.fr\">visachine.fr<\/a> pour les s\u00e9jours de plus de 6 mois est class\u00e9 visa professionnel. Il est aussi conseill\u00e9 de choisir un d\u00e9m\u00e9nageur reconnu mondialement pour de meilleures garanties de r\u00e9sultat. Ce dernier s&rsquo;occupera des formalit\u00e9s administratives concernant le relogement. Ce dernier conseil est aussi valable pour le<strong>\u00a0<\/strong>Aussi est-il recommand\u00e9 de v\u00e9rifier les nouvelles r\u00e9glementations et les informations aupr\u00e8s de l&rsquo;Ambassade en question. L&rsquo;obtention d&rsquo;un permis de conduire international est aussi obligatoire.<br \/>\nDemenagement Paris : <a href=\"http:\/\/demenageur.com\/demenagement-paris-75\/\">demenageur.com\/demenagement-paris-75\/<\/a><\/p>\n<p>&nbsp;<\/p>\n<p>&nbsp;<\/p>\n<p>Informations sur les croisi\u00e8res<\/p>\n<p>&nbsp;<\/p>\n<p>&nbsp;<\/p>\n<p>Lors du d\u00e9m\u00e9nagement, les biens peuvent \u00eatre aussi transport\u00e9s par voie maritime ou fluviale ou croisiere\u00a0. Il est aussi recommand\u00e9 de se faire offrir les services d&rsquo;un d\u00e9m\u00e9nageur international, qui s&rsquo;occupera de toutes les formalit\u00e9s administratives et douani\u00e8res. Toutefois, il faudra l&rsquo;aide d&rsquo;un d\u00e9m\u00e9nageur pour \u00e9valuer le volume \u00e0 d\u00e9m\u00e9nager, pour \u00e9tablir un devis de d\u00e9m\u00e9nagement international au meilleur prix dans les d\u00e9lais les plus comp\u00e9titifs. Les biens sont embarqu\u00e9s \u00e0 bord d&rsquo;un bateau de type ferry par conteneur, en caisse maritime ou colis-palette. Avant leur remise ou exp\u00e9dition, ils peuvent \u00eatre aussi stock\u00e9s dans les garde-meubles s\u00e9curis\u00e9s.<\/p>\n<p class=\"p1\">\n","protected":false},"excerpt":{"rendered":"<p>Pr\u00e9sentation de l&rsquo;association au logement du Pays d&rsquo;Aix &nbsp; &nbsp; Cr\u00e9\u00e9e en 1989, l&rsquo;association au logement du Pays d&rsquo;Aix est une association sociale qui \u0153uvre pour le Droit au Logement. Elle conseille et suit toute personne en situation de difficult\u00e9 relative \u00e0 son habitat, tout au long du processus de recherche et de relogement. Cette<a class=\"moretag\" href=\"https:\/\/www.alpa-ass.org\/\"><span class=\"screen-reader-text\">En savoir plus surAlpa ASS<\/span>[&#8230;]<\/a><\/p>\n","protected":false},"author":1,"featured_media":0,"parent":0,"menu_order":0,"comment_status":"closed","ping_status":"closed","template":"","meta":[],"_links":{"self":[{"href":"https:\/\/www.alpa-ass.org\/index.php\/wp-json\/wp\/v2\/pages\/6"}],"collection":[{"href":"https:\/\/www.alpa-ass.org\/index.php\/wp-json\/wp\/v2\/pages"}],"about":[{"href":"https:\/\/www.alpa-ass.org\/index.php\/wp-json\/wp\/v2\/types\/page"}],"author":[{"embeddable":true,"href":"https:\/\/www.alpa-ass.org\/index.php\/wp-json\/wp\/v2\/users\/1"}],"replies":[{"embeddable":true,"href":"https:\/\/www.alpa-ass.org\/index.php\/wp-json\/wp\/v2\/comments?post=6"}],"version-history":[{"count":8,"href":"https:\/\/www.alpa-ass.org\/index.php\/wp-json\/wp\/v2\/pages\/6\/revisions"}],"predecessor-version":[{"id":19,"href":"https:\/\/www.alpa-ass.org\/index.php\/wp-json\/wp\/v2\/pages\/6\/revisions\/19"}],"wp:attachment":[{"href":"https:\/\/www.alpa-ass.org\/index.php\/wp-json\/wp\/v2\/media?parent=6"}],"curies":[{"name":"wp","href":"https:\/\/api.w.org\/{rel}","templated":true}]}}